
{"id":111,"date":"2019-11-22T14:30:23","date_gmt":"2019-11-22T13:30:23","guid":{"rendered":"http:\/\/przedszkole26.edu.wroclaw.pl\/?page_id=111"},"modified":"2026-02-16T12:24:32","modified_gmt":"2026-02-16T11:24:32","slug":"rekrutacja","status":"publish","type":"page","link":"https:\/\/przedszkole26.edu.wroclaw.pl\/index.php\/rekrutacja\/","title":{"rendered":"Rekrutacja"},"content":{"rendered":"<div class=\"wpb-content-wrapper\"><p>[vc_row][vc_column][vc_column_text css=&#8221;&#8221;]Szanowni Pa\u0144stwo!<\/p>\n<div>Poni\u017cej znajduj\u0105 si\u0119 informacje dotycz\u0105ce rekrutacji do Przedszkola w roku szkolnym 2026\/2027. Zach\u0119camy do zapoznania si\u0119 z nimi.<\/div>\n<div><a href=\"https:\/\/przedszkole26.edu.wroclaw.pl\/wp-content\/uploads\/sites\/43\/2026\/02\/BIULETYN-INFORMACYJNY.pdf\">BIULETYN INFORMACYJNY<\/a><\/div>\n<div><a href=\"https:\/\/przedszkole26.edu.wroclaw.pl\/wp-content\/uploads\/sites\/43\/2026\/01\/KOMUNIKAT-1.docx\">KOMUNIKAT<\/a><\/div>\n<div><a href=\"https:\/\/przedszkole26.edu.wroclaw.pl\/wp-content\/uploads\/sites\/43\/2026\/01\/KRYTERIA-1-1.docx\">KRYTERIA<\/a><\/div>\n<div><a href=\"https:\/\/przedszkole26.edu.wroclaw.pl\/wp-content\/uploads\/sites\/43\/2026\/01\/ODWOLANIA-1.docx\">ODWO\u0141ANIA<\/a><\/div>\n<div><a href=\"https:\/\/przedszkole26.edu.wroclaw.pl\/wp-content\/uploads\/sites\/43\/2026\/01\/PODSTAWY-PRAWNE-1.docx\">PODSTAWY PRAWNE<\/a><\/div>\n<div><a href=\"https:\/\/przedszkole26.edu.wroclaw.pl\/wp-content\/uploads\/sites\/43\/2026\/01\/SAMOTNE-WYCHOWANIE-1.docx\">SAMOTNE WYCHOWANIE<\/a><\/div>\n<div><a href=\"https:\/\/przedszkole26.edu.wroclaw.pl\/wp-content\/uploads\/sites\/43\/2026\/01\/UDZIAL-W-REKRUTACJI-1.docx\">UDZIA\u0141 W REKRUTACJI<\/a><\/div>\n<div><a href=\"https:\/\/przedszkole26.edu.wroclaw.pl\/wp-content\/uploads\/sites\/43\/2026\/01\/HARMONOGRAM-DLA-RODZICOW-ETAP-PODSTAWOWY-1.docx\">HARMONOGRAM DLA RODZIC\u00d3W &#8211; ETAP PODSTAWOWY<\/a><\/div>\n<div><a href=\"https:\/\/przedszkole26.edu.wroclaw.pl\/wp-content\/uploads\/sites\/43\/2026\/01\/HARMONOGRAM-DLA-RODZICOW-ETAP-UZUPELNIAJACY-1.docx\">HARMONOGRAM DLA RODZIC\u00d3W &#8211; ETAP UZUPE\u0141NIAJ\u0104CY<\/a><\/div>\n<div><a href=\"https:\/\/przedszkole26.edu.wroclaw.pl\/wp-content\/uploads\/sites\/43\/2026\/01\/INFORMACJE-OGOLNE-1.docx\">INFORMACJE OG\u00d3LNE<\/a><\/div>\n<p>[\/vc_column_text][\/vc_column][\/vc_row]<\/p>\n<\/div>","protected":false},"excerpt":{"rendered":"<p>[vc_row][vc_column][vc_column_text css=&#8221;&#8221;]Szanowni Pa\u0144stwo! Poni\u017cej znajduj\u0105 si\u0119 informacje dotycz\u0105ce rekrutacji do Przedszkola w roku szkolnym 2026\/2027. Zach\u0119camy do zapoznania si\u0119 z nimi. BIULETYN INFORMACYJNY KOMUNIKAT KRYTERIA ODWO\u0141ANIA PODSTAWY PRAWNE SAMOTNE WYCHOWANIE [&hellip;]<\/p>\n","protected":false},"author":15,"featured_media":0,"parent":0,"menu_order":0,"comment_status":"closed","ping_status":"closed","template":"","meta":{"footnotes":""},"class_list":["post-111","page","type-page","status-publish","hentry","clearfix"],"_links":{"self":[{"href":"https:\/\/przedszkole26.edu.wroclaw.pl\/index.php\/wp-json\/wp\/v2\/pages\/111","targetHints":{"allow":["GET"]}}],"collection":[{"href":"https:\/\/przedszkole26.edu.wroclaw.pl\/index.php\/wp-json\/wp\/v2\/pages"}],"about":[{"href":"https:\/\/przedszkole26.edu.wroclaw.pl\/index.php\/wp-json\/wp\/v2\/types\/page"}],"author":[{"embeddable":true,"href":"https:\/\/przedszkole26.edu.wroclaw.pl\/index.php\/wp-json\/wp\/v2\/users\/15"}],"replies":[{"embeddable":true,"href":"https:\/\/przedszkole26.edu.wroclaw.pl\/index.php\/wp-json\/wp\/v2\/comments?post=111"}],"version-history":[{"count":18,"href":"https:\/\/przedszkole26.edu.wroclaw.pl\/index.php\/wp-json\/wp\/v2\/pages\/111\/revisions"}],"predecessor-version":[{"id":2093,"href":"https:\/\/przedszkole26.edu.wroclaw.pl\/index.php\/wp-json\/wp\/v2\/pages\/111\/revisions\/2093"}],"wp:attachment":[{"href":"https:\/\/przedszkole26.edu.wroclaw.pl\/index.php\/wp-json\/wp\/v2\/media?parent=111"}],"curies":[{"name":"wp","href":"https:\/\/api.w.org\/{rel}","templated":true}]}}