
{"id":16,"date":"2019-11-05T13:18:14","date_gmt":"2019-11-05T12:18:14","guid":{"rendered":"http:\/\/przedszkole26.edu.wroclaw.pl\/?page_id=16"},"modified":"2024-08-27T19:36:27","modified_gmt":"2024-08-27T17:36:27","slug":"automatycznie-zapisany-szkic","status":"publish","type":"page","link":"https:\/\/przedszkole26.edu.wroclaw.pl\/","title":{"rendered":"Strona g\u0142\u00f3wna"},"content":{"rendered":"<div class=\"wpb-content-wrapper\"><p>[vc_row css_animation=&#8221;zoomIn&#8221; css=&#8221;.vc_custom_1648796722481{margin-right: 40px !important;margin-left: 40px !important;}&#8221;][vc_column width=&#8221;1\/6&#8243;][vc_icon icon_fontawesome=&#8221;far fa-calendar-alt&#8221; color=&#8221;custom&#8221; background_style=&#8221;rounded-outline&#8221; background_color=&#8221;custom&#8221; size=&#8221;xl&#8221; align=&#8221;center&#8221; custom_color=&#8221;#650093&#8243; custom_background_color=&#8221;#650093&#8243; link=&#8221;url:https%3A%2F%2Fprzedszkole26.edu.wroclaw.pl%2Findex.php%2Fkalendarz-imprez-przedszkolnych%2F|title:Kalendarz%20imprez%20przedszkolnych&#8221;][vc_column_text css=&#8221;.vc_custom_1702556054968{margin-top: -40px !important;}&#8221;]<\/p>\n<h2 style=\"text-align: center\"><span style=\"font-size: 20px;color: #a00050\"><span style=\"color: #650093\">Kalendarz imprez<\/span><br \/>\n<\/span><\/h2>\n<p>[\/vc_column_text][\/vc_column][vc_column width=&#8221;1\/6&#8243;][vc_icon icon_fontawesome=&#8221;fas fa-utensils&#8221; color=&#8221;custom&#8221; background_style=&#8221;rounded-outline&#8221; background_color=&#8221;custom&#8221; size=&#8221;xl&#8221; align=&#8221;center&#8221; custom_color=&#8221;#0e7c00&#8243; custom_background_color=&#8221;#0e7c00&#8243; link=&#8221;url:https%3A%2F%2Fprzedszkole26.edu.wroclaw.pl%2Findex.php%2Fjadlospis%2F|title:Jad%C5%82ospis&#8221;][vc_column_text css=&#8221;.vc_custom_1702548159422{margin-top: -40px !important;}&#8221;]<\/p>\n<h2 style=\"text-align: center\"><span style=\"font-size: 20px;color: #0e7c00\">Jad\u0142ospis<\/span><\/h2>\n<p>[\/vc_column_text][\/vc_column][vc_column width=&#8221;1\/6&#8243;][vc_icon icon_fontawesome=&#8221;fas fa-user-graduate&#8221; color=&#8221;custom&#8221; background_style=&#8221;rounded-outline&#8221; background_color=&#8221;custom&#8221; size=&#8221;xl&#8221; align=&#8221;center&#8221; custom_color=&#8221;#1e73be&#8221; custom_background_color=&#8221;#1e73be&#8221; link=&#8221;url:https%3A%2F%2Fprzedszkole26.edu.wroclaw.pl%2Findex.php%2Frekrutacja%2F|title:Rekrutacja&#8221;][vc_column_text css=&#8221;.vc_custom_1686898790756{margin-top: -40px !important;}&#8221;]<\/p>\n<h2 style=\"text-align: center\"><span style=\"font-size: 20px;color: #1e73be\">Rekrutacja<\/span><\/h2>\n<p>[\/vc_column_text][\/vc_column][vc_column width=&#8221;1\/6&#8243;][vc_icon icon_fontawesome=&#8221;fas fa-layer-group&#8221; color=&#8221;custom&#8221; background_style=&#8221;rounded-outline&#8221; background_color=&#8221;custom&#8221; size=&#8221;xl&#8221; align=&#8221;center&#8221; custom_color=&#8221;#6b0909&#8243; custom_background_color=&#8221;#6b0909&#8243; link=&#8221;url:https%3A%2F%2Fprzedszkole26.edu.wroclaw.pl%2Findex.php%2Frodo%2F|title:RODO&#8221;][vc_column_text css=&#8221;.vc_custom_1702548293416{margin-top: -40px !important;}&#8221;]<\/p>\n<h2 style=\"text-align: center\"><span style=\"font-size: 20px;color: #6b0909\">RODO<\/span><\/h2>\n<p>[\/vc_column_text][\/vc_column][vc_column width=&#8221;1\/6&#8243;][vc_icon icon_fontawesome=&#8221;fab fa-facebook-f&#8221; color=&#8221;custom&#8221; background_style=&#8221;rounded-outline&#8221; background_color=&#8221;custom&#8221; size=&#8221;xl&#8221; align=&#8221;center&#8221; css=&#8221;&#8221; custom_color=&#8221;#003d8e&#8221; custom_background_color=&#8221;#003d8e&#8221; link=&#8221;url:https%3A%2F%2Fwww.facebook.com%2Fprzedszkole26.wroclaw%2F|title:Facebook|target:_blank&#8221;][vc_column_text css=&#8221;.vc_custom_1686898981506{margin-top: -40px !important;}&#8221;]<\/p>\n<h2 style=\"text-align: center\"><span style=\"font-size: 20px;color: #003d8e\">Facebook<\/span><\/h2>\n<p>[\/vc_column_text][\/vc_column][vc_column width=&#8221;1\/6&#8243;][vc_icon icon_fontawesome=&#8221;far fa-address-book&#8221; color=&#8221;custom&#8221; background_style=&#8221;rounded-outline&#8221; background_color=&#8221;custom&#8221; size=&#8221;xl&#8221; align=&#8221;center&#8221; css=&#8221;&#8221; custom_color=&#8221;#d8751e&#8221; link=&#8221;url:https%3A%2F%2Fprzedszkole26.edu.wroclaw.pl%2Findex.php%2Fstandardy-ochrony-maloletnich%2F|title:Standardy%20ochrony%20ma%C5%82oletnich|target:_blank&#8221; custom_background_color=&#8221;#dd9933&#8243;][vc_column_text css=&#8221;&#8221;]<\/p>\n<h3 style=\"text-align: center\"><span style=\"color: #db7d3d\"><strong>Standardy ochrony ma\u0142oletnich<\/strong><\/span><\/h3>\n<p>[\/vc_column_text][\/vc_column][\/vc_row][vc_row][vc_column width=&#8221;1\/12&#8243;][\/vc_column][vc_column width=&#8221;1\/2&#8243;][vc_wp_text]<\/p>\n<h1 style=\"text-align: center\"><span style=\"font-size: 48px\">O Przedszkolu<\/span><\/h1>\n<p>[\/vc_wp_text][vc_separator color=&#8221;custom&#8221; border_width=&#8221;4&#8243; el_width=&#8221;50&#8243; css=&#8221;.vc_custom_1703765324342{margin-top: -30px !important;}&#8221; accent_color=&#8221;#357339&#8243;][vc_wp_text]Przedszkole nr 26&#8243;Sportowa Kraina&#8221; we Wroc\u0142awiu zosta\u0142o zaprojektowane i wkomponowane w istniej\u0105c\u0105 struktur\u0119 stadionu miejskiego Wroc\u0142awia, tworz\u0105c jednolit\u0105 sp\u00f3jno\u015b\u0107. Wykonane zgodnie z najwy\u017cszymi standardami w zakresie budownictwa, dlatego zapewnia dzieciom i rodzicom bezpiecze\u0144stwo i komfort. Obiekt wyposa\u017cony w najnowocze\u015bniejsze systemy bezpiecze\u0144stwa przeciwpo\u017carowego, klimatyzacj\u0119 oraz monitoring. Nowoczesny, pi\u0119kny plac zabaw dla dzieci z zapleczem sportowym oraz miejsce do rekreacji i sportu dla mieszka\u0144c\u00f3w.<br \/>\nPrzedszkolaki korzystaj\u0105 z nowocze\u015bnie wyposa\u017conych sal dydaktycznych, sal terapii, z profesjonalnie wyposa\u017conej sali gimnastycznej oraz wielofunkcyjnej sali zabaw.<br \/>\nPrzedszkole posiada w\u0142asne, nowocze\u015bnie wyposa\u017cone zaplecze kuchenne, spe\u0142niaj\u0105ce wymogi sanepidu i HACCP.[\/vc_wp_text][\/vc_column][vc_column width=&#8221;1\/3&#8243;][vc_empty_space height=&#8221;160px&#8221;][vc_single_image image=&#8221;757&#8243; img_size=&#8221;full&#8221; alignment=&#8221;center&#8221;][\/vc_column][\/vc_row][vc_row][vc_column width=&#8221;1\/12&#8243;][\/vc_column][vc_column width=&#8221;1\/2&#8243;][vc_wp_text]<\/p>\n<h1 style=\"text-align: center\"><span style=\"font-size: 48px\">Zaplecze<\/span><\/h1>\n<p>[\/vc_wp_text][vc_separator color=&#8221;custom&#8221; border_width=&#8221;4&#8243; el_width=&#8221;50&#8243; css=&#8221;.vc_custom_1703765333964{margin-top: -30px !important;}&#8221; accent_color=&#8221;#357339&#8243;][vc_wp_text]Przedszkole jest nowocze\u015bnie wyposa\u017cone w sale dydaktyczne, sale terapii, z profesjonalnie wyposa\u017con\u0105 sal\u0105 gimnastyczn\u0105 oraz wielofunkcyjn\u0105 sal\u0105 zabaw.<br \/>\nPosiada w\u0142asne, nowocze\u015bnie wyposa\u017cone zaplecze kuchenne, spe\u0142niaj\u0105ce wymogi sanepidu i HACCP[\/vc_wp_text][\/vc_column][vc_column width=&#8221;1\/3&#8243;][vc_empty_space height=&#8221;160px&#8221;][vc_single_image image=&#8221;755&#8243; img_size=&#8221;full&#8221;][\/vc_column][\/vc_row]<\/p>\n<\/div>","protected":false},"excerpt":{"rendered":"<p>[vc_row css_animation=&#8221;zoomIn&#8221; css=&#8221;.vc_custom_1648796722481{margin-right: 40px !important;margin-left: 40px !important;}&#8221;][vc_column width=&#8221;1\/6&#8243;][vc_icon icon_fontawesome=&#8221;far fa-calendar-alt&#8221; color=&#8221;custom&#8221; background_style=&#8221;rounded-outline&#8221; background_color=&#8221;custom&#8221; size=&#8221;xl&#8221; align=&#8221;center&#8221; custom_color=&#8221;#650093&#8243; custom_background_color=&#8221;#650093&#8243; link=&#8221;url:https%3A%2F%2Fprzedszkole26.edu.wroclaw.pl%2Findex.php%2Fkalendarz-imprez-przedszkolnych%2F|title:Kalendarz%20imprez%20przedszkolnych&#8221;][vc_column_text css=&#8221;.vc_custom_1702556054968{margin-top: -40px !important;}&#8221;] Kalendarz imprez [\/vc_column_text][\/vc_column][vc_column width=&#8221;1\/6&#8243;][vc_icon icon_fontawesome=&#8221;fas fa-utensils&#8221; color=&#8221;custom&#8221; background_style=&#8221;rounded-outline&#8221; background_color=&#8221;custom&#8221; [&hellip;]<\/p>\n","protected":false},"author":15,"featured_media":0,"parent":0,"menu_order":0,"comment_status":"closed","ping_status":"closed","template":"","meta":{"footnotes":""},"class_list":["post-16","page","type-page","status-publish","hentry","clearfix"],"_links":{"self":[{"href":"https:\/\/przedszkole26.edu.wroclaw.pl\/index.php\/wp-json\/wp\/v2\/pages\/16","targetHints":{"allow":["GET"]}}],"collection":[{"href":"https:\/\/przedszkole26.edu.wroclaw.pl\/index.php\/wp-json\/wp\/v2\/pages"}],"about":[{"href":"https:\/\/przedszkole26.edu.wroclaw.pl\/index.php\/wp-json\/wp\/v2\/types\/page"}],"author":[{"embeddable":true,"href":"https:\/\/przedszkole26.edu.wroclaw.pl\/index.php\/wp-json\/wp\/v2\/users\/15"}],"replies":[{"embeddable":true,"href":"https:\/\/przedszkole26.edu.wroclaw.pl\/index.php\/wp-json\/wp\/v2\/comments?post=16"}],"version-history":[{"count":80,"href":"https:\/\/przedszkole26.edu.wroclaw.pl\/index.php\/wp-json\/wp\/v2\/pages\/16\/revisions"}],"predecessor-version":[{"id":1592,"href":"https:\/\/przedszkole26.edu.wroclaw.pl\/index.php\/wp-json\/wp\/v2\/pages\/16\/revisions\/1592"}],"wp:attachment":[{"href":"https:\/\/przedszkole26.edu.wroclaw.pl\/index.php\/wp-json\/wp\/v2\/media?parent=16"}],"curies":[{"name":"wp","href":"https:\/\/api.w.org\/{rel}","templated":true}]}}