
{"id":42,"date":"2019-11-18T11:32:50","date_gmt":"2019-11-18T10:32:50","guid":{"rendered":"http:\/\/przedszkole26.edu.wroclaw.pl\/?page_id=42"},"modified":"2026-01-25T17:31:44","modified_gmt":"2026-01-25T16:31:44","slug":"dokumenty","status":"publish","type":"page","link":"https:\/\/przedszkole26.edu.wroclaw.pl\/index.php\/dokumenty\/","title":{"rendered":"Dokumenty"},"content":{"rendered":"<div class=\"wpb-content-wrapper\"><p>[vc_row][vc_column][vc_column_text]Wa\u017cne informacje dla rodzic\u00f3w\/opiekun\u00f3w dzieci :<\/p>\r\n<p>\u00a0<\/p>\r\n\r\n<div class=\"wp-block-file\">\u00a0<\/div>\r\n<p>\r\n\r\n[\/vc_column_text][vc_tta_tour style=&#8221;flat&#8221; spacing=&#8221;5&#8243; gap=&#8221;5&#8243; active_section=&#8221;1&#8243;][vc_tta_section title=&#8221;Do pobrania&#8221; tab_id=&#8221;1703056919889-5ab2e87e-5b9f&#8221;][vc_column_text css=&#8221;&#8221;]<\/p>\r\n<p><a href=\"https:\/\/przedszkole26.edu.wroclaw.pl\/wp-content\/uploads\/sites\/43\/2023\/12\/Upowaznienie-do-odbioru-dziecka.pdf\">Upowa\u017cnienie do odbioru dziecka.pdf (23KB)<\/a><\/p>\r\n<p><a href=\"https:\/\/przedszkole26.edu.wroclaw.pl\/wp-content\/uploads\/sites\/43\/2023\/12\/wniosek-o-zwolnienia-z-oplaty-za-swiadczenia-przedszkola-Kopia1.docx\">Wniosek o zwolnienia z op\u0142aty za \u015bwiadczenia przedszkola.docx (30KB)<\/a><\/p>\r\n<p><a href=\"https:\/\/przedszkole26.edu.wroclaw.pl\/wp-content\/uploads\/sites\/43\/2026\/01\/jednostki-EDU-.pdf\">jednostki EDU<\/a><\/p>\r\n<p>[\/vc_column_text][\/vc_tta_section][vc_tta_section title=&#8221;Statut&#8221; tab_id=&#8221;1703056781112-d3953494-580d&#8221;][vc_column_text css=&#8221;&#8221;]<\/p>\r\n<p><a href=\"https:\/\/przedszkole26.edu.wroclaw.pl\/wp-content\/uploads\/sites\/43\/2025\/01\/Statut-Przedszkola-26-nowy-zapis.doc\">Statut Przedszkola 26 &#8211; nowy zapis<\/a><\/p>\r\n<p>[\/vc_column_text][\/vc_tta_section][vc_tta_section title=&#8221;Procedury&#8221; tab_id=&#8221;1703056781124-55937c7d-fdc2&#8243;][vc_column_text]<\/p>\r\n<p><a href=\"https:\/\/przedszkole26.edu.wroclaw.pl\/wp-content\/uploads\/sites\/43\/2023\/12\/Zmiana-Rozporzadzenia-Drodzy-Rodzice-1.pdf\">Zmiana Rozporzadzenia &#8211; Drodzy Rodzice.pdf (82KB)<\/a><\/p>\r\n<p>[\/vc_column_text][\/vc_tta_section][vc_tta_section title=&#8221;Op\u0142aty&#8221; tab_id=&#8221;1703056902130-27d216d5-6375&#8243;][vc_column_text css=&#8221;&#8221;]<\/p>\r\n<p><a href=\"https:\/\/przedszkole26.edu.wroclaw.pl\/wp-content\/uploads\/sites\/43\/2024\/08\/podwyzka.pobyt_.pdf\">podwyz\u0307ka.pobyt<\/a><\/p>\r\n<p>[\/vc_column_text][\/vc_tta_section][vc_tta_section title=&#8221;Ubezpieczenie NNW&#8221; tab_id=&#8221;1703062626200-593921f6-923f&#8221;][vc_column_text css=&#8221;&#8221;]<\/p>\r\n<p>Poni\u017cej znajduj\u0105 si\u0119 oferty ubezpieczenia dzieci z Przedszkola nr 26 &#8222;Sportowa Kraina&#8221;.<\/p>\r\n<p><a href=\"https:\/\/przedszkole26.edu.wroclaw.pl\/wp-content\/uploads\/sites\/43\/2025\/09\/GRUPOWE-NNW_-PZU_Warianty-ubezpieczenia-Z-KODAMI-DO-PRZYSTA\u0328PIEN\u0301-dla-Przedszkola-26.pdf\">GRUPOWE NNW_ PZU_Warianty ubezpieczenia Z KODAMI DO PRZYSTA\u0328PIEN\u0301 dla Przedszkola 26<\/a><\/p>\r\n<p><a href=\"https:\/\/przedszkole26.edu.wroclaw.pl\/wp-content\/uploads\/sites\/43\/2025\/09\/GRUPOWE-NNW_PZU_Informacje-Ogo\u0301lne-w-KODAMI-DO-PRZYSTA\u0328PIEN\u0301-dla-Przedszkola-nr-26.pdf\">GRUPOWE NNW_PZU_Informacje <\/a><\/p>\r\n<p><a href=\"https:\/\/przedszkole26.edu.wroclaw.pl\/wp-content\/uploads\/sites\/43\/2025\/09\/GRUPOWE-NNW_PZU_Informacje-Ogo\u0301lne-w-KODAMI-DO-PRZYSTA\u0328PIEN\u0301-dla-Przedszkola-nr-26.pdf\">Ogo\u0301lne w KODAMI DO PRZYSTA\u0328PIEN\u0301 dla Przedszkola nr 26<\/a><\/p>\r\n<p><a href=\"https:\/\/przedszkole26.edu.wroclaw.pl\/wp-content\/uploads\/sites\/43\/2025\/09\/Ogolne_warunki_ubezpieczenia_NNW_PZU_Edukacja.pdf\">Ogolne_warunki_ubezpieczenia_NNW_PZU_Edukacja<\/a><\/p>\r\n<p><a href=\"https:\/\/przedszkole26.edu.wroclaw.pl\/wp-content\/uploads\/sites\/43\/2025\/09\/Postanowienia_dodatkowe_PZU_Edukacja_UBEstrefa_2025_NNW.pdf\">Postanowienia_dodatkowe_PZU_Edukacja_UBEstrefa_2025_NNW<\/a><\/p>\r\n<p>[\/vc_column_text][\/vc_tta_section][\/vc_tta_tour][\/vc_column][\/vc_row]<\/p><\/div>","protected":false},"excerpt":{"rendered":"<p>[vc_row][vc_column][vc_column_text]Wa\u017cne informacje dla rodzic\u00f3w\/opiekun\u00f3w dzieci : \u00a0 [\/vc_column_text][vc_tta_tour style=&#8221;flat&#8221; spacing=&#8221;5&#8243; gap=&#8221;5&#8243; active_section=&#8221;1&#8243;][vc_tta_section title=&#8221;Do pobrania&#8221; tab_id=&#8221;1703056919889-5ab2e87e-5b9f&#8221;][vc_column_text css=&#8221;&#8221;] Upowa\u017cnienie do odbioru dziecka.pdf (23KB) Wniosek o zwolnienia z op\u0142aty za \u015bwiadczenia przedszkola.docx (30KB) [&hellip;]<\/p>\n","protected":false},"author":15,"featured_media":0,"parent":0,"menu_order":0,"comment_status":"closed","ping_status":"closed","template":"","meta":{"footnotes":""},"class_list":["post-42","page","type-page","status-publish","hentry","clearfix"],"_links":{"self":[{"href":"https:\/\/przedszkole26.edu.wroclaw.pl\/index.php\/wp-json\/wp\/v2\/pages\/42","targetHints":{"allow":["GET"]}}],"collection":[{"href":"https:\/\/przedszkole26.edu.wroclaw.pl\/index.php\/wp-json\/wp\/v2\/pages"}],"about":[{"href":"https:\/\/przedszkole26.edu.wroclaw.pl\/index.php\/wp-json\/wp\/v2\/types\/page"}],"author":[{"embeddable":true,"href":"https:\/\/przedszkole26.edu.wroclaw.pl\/index.php\/wp-json\/wp\/v2\/users\/15"}],"replies":[{"embeddable":true,"href":"https:\/\/przedszkole26.edu.wroclaw.pl\/index.php\/wp-json\/wp\/v2\/comments?post=42"}],"version-history":[{"count":24,"href":"https:\/\/przedszkole26.edu.wroclaw.pl\/index.php\/wp-json\/wp\/v2\/pages\/42\/revisions"}],"predecessor-version":[{"id":2041,"href":"https:\/\/przedszkole26.edu.wroclaw.pl\/index.php\/wp-json\/wp\/v2\/pages\/42\/revisions\/2041"}],"wp:attachment":[{"href":"https:\/\/przedszkole26.edu.wroclaw.pl\/index.php\/wp-json\/wp\/v2\/media?parent=42"}],"curies":[{"name":"wp","href":"https:\/\/api.w.org\/{rel}","templated":true}]}}