
{"id":430,"date":"2023-12-14T13:06:09","date_gmt":"2023-12-14T12:06:09","guid":{"rendered":"https:\/\/przedszkole26.edu.wroclaw.pl\/?page_id=430"},"modified":"2024-05-07T19:11:39","modified_gmt":"2024-05-07T17:11:39","slug":"kalendarz-imprez-przedszkolnych","status":"publish","type":"page","link":"https:\/\/przedszkole26.edu.wroclaw.pl\/index.php\/kalendarz-imprez-przedszkolnych\/","title":{"rendered":"Kalendarz imprez przedszkolnych"},"content":{"rendered":"<h2 style=\"text-align: center\"><span class=\"title\">Kalendarz imprez na rok szkolny 2023\/2024<\/span><\/h2>\n<h3>Wrzesie\u0144<\/h3>\n<ul>\n<li>Sprz\u0105tanie \u015bwiata<\/li>\n<li>Dzie\u0144 Przedszkolaka<\/li>\n<li>Dzie\u0144 Ch\u0142opaka<\/li>\n<\/ul>\n<h3>Pa\u017adziernik<\/h3>\n<ul>\n<li>\u015awiatowy Dzie\u0144 Zwierz\u0105t<\/li>\n<li>Dzie\u0144 Edukacji Narodowej<\/li>\n<li>Pasowanie na Przedszkolaka<\/li>\n<li>Bal Dyni<\/li>\n<\/ul>\n<h3>Listopad<\/h3>\n<ul>\n<li>Dzie\u0144 Niepodleg\u0142o\u015bci<\/li>\n<li>Dzie\u0144 \u017byczliwo\u015bci i Pluszowego Misia<\/li>\n<\/ul>\n<h3>Grudzie\u0144<\/h3>\n<ul>\n<li>Spotkanie z Miko\u0142ajem<\/li>\n<li>Warsztaty bo\u017conarodzeniowe z Rodzicami<\/li>\n<li>Jase\u0142ka\/Wsp\u00f3lne kol\u0119dowanie, wigilia<\/li>\n<\/ul>\n<h3>Stycze\u0144<\/h3>\n<ul>\n<li>Bal Karnawa\u0142owy<\/li>\n<li>WO\u015aP<\/li>\n<\/ul>\n<h3>Luty<\/h3>\n<ul>\n<li>Dzie\u0144 Babci i Dziadka<\/li>\n<li>Walentynki<\/li>\n<\/ul>\n<h3>Marzec<\/h3>\n<ul>\n<li>Powitanie wiosny<\/li>\n<\/ul>\n<h3>Kwiecie\u0144<\/h3>\n<ul>\n<li>Warsztaty Wielkanocne<\/li>\n<\/ul>\n<h3>Maj<\/h3>\n<ul>\n<li>\u015awi\u0119to flagi<\/li>\n<li>Rowerowy Rajd<\/li>\n<li>Rowerowy Maj<\/li>\n<li>Dzie\u0144 Niezapominajki<\/li>\n<li>Dzie\u0144 Rodziny<\/li>\n<\/ul>\n<h3>Czerwiec<\/h3>\n<ul>\n<li>Dzie\u0144 Dziecka<\/li>\n<li>Zako\u0144czenie roku szkolnego<\/li>\n<\/ul>\n","protected":false},"excerpt":{"rendered":"<p>Kalendarz imprez na rok szkolny 2023\/2024 Wrzesie\u0144 Sprz\u0105tanie \u015bwiata Dzie\u0144 Przedszkolaka Dzie\u0144 Ch\u0142opaka Pa\u017adziernik \u015awiatowy Dzie\u0144 Zwierz\u0105t Dzie\u0144 Edukacji Narodowej Pasowanie na Przedszkolaka Bal Dyni Listopad Dzie\u0144 Niepodleg\u0142o\u015bci Dzie\u0144 \u017byczliwo\u015bci [&hellip;]<\/p>\n","protected":false},"author":7,"featured_media":0,"parent":0,"menu_order":0,"comment_status":"closed","ping_status":"closed","template":"","meta":{"footnotes":""},"class_list":["post-430","page","type-page","status-publish","hentry","clearfix"],"_links":{"self":[{"href":"https:\/\/przedszkole26.edu.wroclaw.pl\/index.php\/wp-json\/wp\/v2\/pages\/430","targetHints":{"allow":["GET"]}}],"collection":[{"href":"https:\/\/przedszkole26.edu.wroclaw.pl\/index.php\/wp-json\/wp\/v2\/pages"}],"about":[{"href":"https:\/\/przedszkole26.edu.wroclaw.pl\/index.php\/wp-json\/wp\/v2\/types\/page"}],"author":[{"embeddable":true,"href":"https:\/\/przedszkole26.edu.wroclaw.pl\/index.php\/wp-json\/wp\/v2\/users\/7"}],"replies":[{"embeddable":true,"href":"https:\/\/przedszkole26.edu.wroclaw.pl\/index.php\/wp-json\/wp\/v2\/comments?post=430"}],"version-history":[{"count":6,"href":"https:\/\/przedszkole26.edu.wroclaw.pl\/index.php\/wp-json\/wp\/v2\/pages\/430\/revisions"}],"predecessor-version":[{"id":1444,"href":"https:\/\/przedszkole26.edu.wroclaw.pl\/index.php\/wp-json\/wp\/v2\/pages\/430\/revisions\/1444"}],"wp:attachment":[{"href":"https:\/\/przedszkole26.edu.wroclaw.pl\/index.php\/wp-json\/wp\/v2\/media?parent=430"}],"curies":[{"name":"wp","href":"https:\/\/api.w.org\/{rel}","templated":true}]}}