
{"id":465,"date":"2023-12-19T12:49:59","date_gmt":"2023-12-19T11:49:59","guid":{"rendered":"https:\/\/przedszkole26.edu.wroclaw.pl\/?page_id=465"},"modified":"2025-03-02T20:24:38","modified_gmt":"2025-03-02T19:24:38","slug":"konsultacje","status":"publish","type":"page","link":"https:\/\/przedszkole26.edu.wroclaw.pl\/index.php\/konsultacje\/","title":{"rendered":"Konsultacje"},"content":{"rendered":"<div class=\"wpb-content-wrapper\"><p>[vc_row][vc_column][vc_column_text css=&#8221;&#8221;]Drodzy Rodzice serdecznie zapraszamy do skorzystania z konsultacji z nauczycielem grupy.<\/p>\n<p>Termin konsultacji nale\u017cy ustali\u0107 z nauczycielem przez wiadomo\u015b\u0107 na dzienniku Vulcan.<\/p>\n<p>Forma konsultacji &#8211; stacjonarna.[\/vc_column_text][\/vc_column][\/vc_row]<\/p>\n<\/div>","protected":false},"excerpt":{"rendered":"<p>[vc_row][vc_column][vc_column_text css=&#8221;&#8221;]Drodzy Rodzice serdecznie zapraszamy do skorzystania z konsultacji z nauczycielem grupy. Termin konsultacji nale\u017cy ustali\u0107 z nauczycielem przez wiadomo\u015b\u0107 na dzienniku Vulcan. Forma konsultacji &#8211; stacjonarna.[\/vc_column_text][\/vc_column][\/vc_row]<\/p>\n","protected":false},"author":7,"featured_media":0,"parent":0,"menu_order":0,"comment_status":"closed","ping_status":"closed","template":"","meta":{"footnotes":""},"class_list":["post-465","page","type-page","status-publish","hentry","clearfix"],"_links":{"self":[{"href":"https:\/\/przedszkole26.edu.wroclaw.pl\/index.php\/wp-json\/wp\/v2\/pages\/465","targetHints":{"allow":["GET"]}}],"collection":[{"href":"https:\/\/przedszkole26.edu.wroclaw.pl\/index.php\/wp-json\/wp\/v2\/pages"}],"about":[{"href":"https:\/\/przedszkole26.edu.wroclaw.pl\/index.php\/wp-json\/wp\/v2\/types\/page"}],"author":[{"embeddable":true,"href":"https:\/\/przedszkole26.edu.wroclaw.pl\/index.php\/wp-json\/wp\/v2\/users\/7"}],"replies":[{"embeddable":true,"href":"https:\/\/przedszkole26.edu.wroclaw.pl\/index.php\/wp-json\/wp\/v2\/comments?post=465"}],"version-history":[{"count":3,"href":"https:\/\/przedszkole26.edu.wroclaw.pl\/index.php\/wp-json\/wp\/v2\/pages\/465\/revisions"}],"predecessor-version":[{"id":1773,"href":"https:\/\/przedszkole26.edu.wroclaw.pl\/index.php\/wp-json\/wp\/v2\/pages\/465\/revisions\/1773"}],"wp:attachment":[{"href":"https:\/\/przedszkole26.edu.wroclaw.pl\/index.php\/wp-json\/wp\/v2\/media?parent=465"}],"curies":[{"name":"wp","href":"https:\/\/api.w.org\/{rel}","templated":true}]}}