
{"id":471,"date":"2023-12-19T13:26:14","date_gmt":"2023-12-19T12:26:14","guid":{"rendered":"https:\/\/przedszkole26.edu.wroclaw.pl\/?page_id=471"},"modified":"2024-01-02T10:26:11","modified_gmt":"2024-01-02T09:26:11","slug":"zlote-mysli-przedszkolakow","status":"publish","type":"page","link":"https:\/\/przedszkole26.edu.wroclaw.pl\/index.php\/zlote-mysli-przedszkolakow\/","title":{"rendered":"Z\u0142ote My\u015bli Przedszkolak\u00f3w"},"content":{"rendered":"<div class=\"wpb-content-wrapper\"><p>[vc_row][vc_column][vc_gallery type=&#8221;image_grid&#8221; images=&#8221;474,475,473,472,477,476&#8243; img_size=&#8221;medium&#8221;][\/vc_column][\/vc_row]<\/p>\n<\/div>","protected":false},"excerpt":{"rendered":"<p>[vc_row][vc_column][vc_gallery type=&#8221;image_grid&#8221; images=&#8221;474,475,473,472,477,476&#8243; img_size=&#8221;medium&#8221;][\/vc_column][\/vc_row]<\/p>\n","protected":false},"author":7,"featured_media":0,"parent":0,"menu_order":0,"comment_status":"closed","ping_status":"closed","template":"","meta":{"footnotes":""},"class_list":["post-471","page","type-page","status-publish","hentry","clearfix"],"_links":{"self":[{"href":"https:\/\/przedszkole26.edu.wroclaw.pl\/index.php\/wp-json\/wp\/v2\/pages\/471","targetHints":{"allow":["GET"]}}],"collection":[{"href":"https:\/\/przedszkole26.edu.wroclaw.pl\/index.php\/wp-json\/wp\/v2\/pages"}],"about":[{"href":"https:\/\/przedszkole26.edu.wroclaw.pl\/index.php\/wp-json\/wp\/v2\/types\/page"}],"author":[{"embeddable":true,"href":"https:\/\/przedszkole26.edu.wroclaw.pl\/index.php\/wp-json\/wp\/v2\/users\/7"}],"replies":[{"embeddable":true,"href":"https:\/\/przedszkole26.edu.wroclaw.pl\/index.php\/wp-json\/wp\/v2\/comments?post=471"}],"version-history":[{"count":7,"href":"https:\/\/przedszkole26.edu.wroclaw.pl\/index.php\/wp-json\/wp\/v2\/pages\/471\/revisions"}],"predecessor-version":[{"id":484,"href":"https:\/\/przedszkole26.edu.wroclaw.pl\/index.php\/wp-json\/wp\/v2\/pages\/471\/revisions\/484"}],"wp:attachment":[{"href":"https:\/\/przedszkole26.edu.wroclaw.pl\/index.php\/wp-json\/wp\/v2\/media?parent=471"}],"curies":[{"name":"wp","href":"https:\/\/api.w.org\/{rel}","templated":true}]}}