
{"id":48,"date":"2019-11-18T11:34:57","date_gmt":"2019-11-18T10:34:57","guid":{"rendered":"http:\/\/przedszkole26.edu.wroclaw.pl\/?page_id=48"},"modified":"2026-01-14T18:59:12","modified_gmt":"2026-01-14T17:59:12","slug":"rodo","status":"publish","type":"page","link":"https:\/\/przedszkole26.edu.wroclaw.pl\/index.php\/rodo\/","title":{"rendered":"RODO"},"content":{"rendered":"<div class=\"wpb-content-wrapper\"><p>[vc_row][vc_column][vc_column_text css=&#8221;&#8221;]<\/p>\n<h2 align=\"center\"><strong>Informacja o Inspektorze Ochrony Danych Osobowych<\/strong><\/h2>\n<p>Administratorem danych osobowych jest Przedszkole nr 26 we Wroc\u0142awiu, Aleja \u015al\u0105ska 1, 51-118 Wroc\u0142aw, dzia\u0142aj\u0105ce przez Dyrektora Przedszkola;<\/p>\n<p>W przedszkolu zosta\u0142 powo\u0142any Inspektor Danych Osobowych z kt\u00f3rym mo\u017cecie si\u0119 Pa\u0144stwo skontaktowa\u0107 listownie na adres przedszkola z dopiskiem Inspektor Ochrony Danych Osobowych lub mailowo <strong>k.gosciniak@coreconsulting.pl<\/strong><\/p>\n<p>Na Pa\u0144stwa pytania zostanie udzielona odpowied\u017a w terminie 14 dni o dnia otrzymania.<\/p>\n<ul>\n<li><a href=\"https:\/\/przedszkole26.edu.wroclaw.pl\/wp-content\/uploads\/sites\/43\/2023\/12\/Przedszkole-Nr-26-Klauzula-informacyjna-ogolna.pdf\">Klauzula informacyjna og\u00f3lna.pdf (123KB)<\/a><\/li>\n<li><a href=\"https:\/\/przedszkole26.edu.wroclaw.pl\/wp-content\/uploads\/sites\/43\/2023\/12\/Przedszkole-Nr-26-Klauzula-informacyjna-rekrutacja.pdf\">Klauzula informacyjna rekrutacja.pdf (102KB)<\/a><\/li>\n<li><a href=\"https:\/\/przedszkole26.edu.wroclaw.pl\/wp-content\/uploads\/sites\/43\/2023\/12\/odpowiedz.pdf\">Odpowiedz.pdf (156KB)<\/a><\/li>\n<li><a href=\"https:\/\/przedszkole26.edu.wroclaw.pl\/wp-content\/uploads\/sites\/43\/2023\/12\/Przedszkole-Nr-26-infomacja-o-monitoringu.docx\">Infomacja o monitoringu.docx (221KB)<\/a><\/li>\n<li><a href=\"https:\/\/przedszkole26.edu.wroclaw.pl\/wp-content\/uploads\/sites\/43\/2023\/12\/COVID-19-klauzula-informacyjna-RODO-dla-przedszkoli.docx\">COVID-19 &#8211; klauzula informacyjna RODO dla przedszkoli.docx (17KB)<\/a><\/li>\n<li><a href=\"https:\/\/przedszkole26.edu.wroclaw.pl\/wp-content\/uploads\/sites\/43\/2023\/12\/Przedszkole-Nr-26-Klauzula-zgody-strona-internetowa.docx\">Klauzula zgody &#8211; strona internetowa.docx (16KB)<\/a><\/li>\n<\/ul>\n<p>[\/vc_column_text][\/vc_column][\/vc_row]<\/p>\n<\/div>","protected":false},"excerpt":{"rendered":"<p>[vc_row][vc_column][vc_column_text css=&#8221;&#8221;] Informacja o Inspektorze Ochrony Danych Osobowych Administratorem danych osobowych jest Przedszkole nr 26 we Wroc\u0142awiu, Aleja \u015al\u0105ska 1, 51-118 Wroc\u0142aw, dzia\u0142aj\u0105ce przez Dyrektora Przedszkola; W przedszkolu zosta\u0142 powo\u0142any [&hellip;]<\/p>\n","protected":false},"author":15,"featured_media":0,"parent":0,"menu_order":0,"comment_status":"closed","ping_status":"closed","template":"","meta":{"footnotes":""},"class_list":["post-48","page","type-page","status-publish","hentry","clearfix"],"_links":{"self":[{"href":"https:\/\/przedszkole26.edu.wroclaw.pl\/index.php\/wp-json\/wp\/v2\/pages\/48","targetHints":{"allow":["GET"]}}],"collection":[{"href":"https:\/\/przedszkole26.edu.wroclaw.pl\/index.php\/wp-json\/wp\/v2\/pages"}],"about":[{"href":"https:\/\/przedszkole26.edu.wroclaw.pl\/index.php\/wp-json\/wp\/v2\/types\/page"}],"author":[{"embeddable":true,"href":"https:\/\/przedszkole26.edu.wroclaw.pl\/index.php\/wp-json\/wp\/v2\/users\/15"}],"replies":[{"embeddable":true,"href":"https:\/\/przedszkole26.edu.wroclaw.pl\/index.php\/wp-json\/wp\/v2\/comments?post=48"}],"version-history":[{"count":8,"href":"https:\/\/przedszkole26.edu.wroclaw.pl\/index.php\/wp-json\/wp\/v2\/pages\/48\/revisions"}],"predecessor-version":[{"id":2011,"href":"https:\/\/przedszkole26.edu.wroclaw.pl\/index.php\/wp-json\/wp\/v2\/pages\/48\/revisions\/2011"}],"wp:attachment":[{"href":"https:\/\/przedszkole26.edu.wroclaw.pl\/index.php\/wp-json\/wp\/v2\/media?parent=48"}],"curies":[{"name":"wp","href":"https:\/\/api.w.org\/{rel}","templated":true}]}}