
{"id":612,"date":"2023-12-27T09:43:58","date_gmt":"2023-12-27T08:43:58","guid":{"rendered":"https:\/\/przedszkole26.edu.wroclaw.pl\/?page_id=612"},"modified":"2026-02-10T21:38:14","modified_gmt":"2026-02-10T20:38:14","slug":"grupa-ii","status":"publish","type":"page","link":"https:\/\/przedszkole26.edu.wroclaw.pl\/index.php\/grupy\/grupa-ii\/","title":{"rendered":"Grupa II \u2013 \u017bu\u017clowcy"},"content":{"rendered":"<div class=\"wpb-content-wrapper\"><p>[vc_row css=&#8221;.vc_custom_1703669650552{background: #bc822b url(https:\/\/przedszkola.edu.wroclaw.pl\/wp-content\/uploads\/sites\/30\/2021\/06\/tlo.png?id=) !important;}&#8221;][vc_column][vc_tta_tabs active_section=&#8221;1&#8243;][vc_tta_section title=&#8221;O nas&#8221; tab_id=&#8221;1606484233605-1d21e2ea-ef57&#8243;][vc_column_text css=&#8221;&#8221;]<\/p>\n<h2 style=\"text-align: center\"><span style=\"font-size: 32px\">O nas \u00a0<\/span><\/h2>\n<p>GRUPA II \u2013 3 latki \u017bU\u017bLOWCY<\/p>\n<p>mgr Katarzyna Niewi\u0144ska &#8211; nauczyciel<\/p>\n<p>mgr Irmina Madejczyk &#8211; nauczyciel<\/p>\n<p>Pani Marzena &#8211; pomoc nauczyciela<\/p>\n<p>Pani Ania &#8211; pracownik obs\u0142ugi[\/vc_column_text][\/vc_tta_section][vc_tta_section title=&#8221;Tematy miesi\u0105ca&#8221; tab_id=&#8221;1642673952835-bb227c80-cae5&#8243;][vc_column_text css=&#8221;&#8221;]<\/p>\n<h2 style=\"text-align: center\"><span style=\"font-size: 32px\">Tematy miesi\u0105ca<\/span><span style=\"color: #c40a0a;font-size: 32px\"><br \/>\n<\/span><\/h2>\n<ol>\n<li>Ba\u015bnie, bajki i bajeczki.<\/li>\n<li>Spotkania z nauk\u0105.<\/li>\n<li>Wszyscy jeste\u015bmy tacy sami.<\/li>\n<li>Nasze inspiracje.<\/li>\n<\/ol>\n<p>[\/vc_column_text][\/vc_tta_section][vc_tta_section title=&#8221;Zaj\u0119cia dodatkowe&#8221; tab_id=&#8221;1616517610712-a70b2645-fd35&#8243;][vc_column_text css=&#8221;&#8221;]<\/p>\n<h2 style=\"text-align: center\"><span style=\"font-size: 32px\">Zaj\u0119cia dodatkowe<\/span><\/h2>\n<p><strong>Poniedzia\u0142ek<\/strong><\/p>\n<p>9:30 &#8211; 9:45 &#8211; j\u0119zyk angielski<\/p>\n<p>8:30 &#8211; 8:45 &#8211; Mali Wspaniali<\/p>\n<p><strong>\u015aroda<\/strong><\/p>\n<p>9:30 &#8211; 10:00 &#8211; gimnastyka<\/p>\n<p><strong>Czwartek<\/strong><\/p>\n<p>9:30 &#8211; 9:45 &#8211; j\u0119zyk angielski<\/p>\n<p>10:30 &#8211; 11:00 &#8211; rytmika<\/p>\n<p>10:30 &#8211; 10:45 &#8211; Religia<\/p>\n<p><strong>Pi\u0105tek<\/strong><\/p>\n<p>9:30 &#8211; 10:00 &#8211; gimnastyka[\/vc_column_text][\/vc_tta_section][\/vc_tta_tabs][\/vc_column][\/vc_row]<\/p>\n<\/div>","protected":false},"excerpt":{"rendered":"<p>[vc_row css=&#8221;.vc_custom_1703669650552{background: #bc822b url(https:\/\/przedszkola.edu.wroclaw.pl\/wp-content\/uploads\/sites\/30\/2021\/06\/tlo.png?id=) !important;}&#8221;][vc_column][vc_tta_tabs active_section=&#8221;1&#8243;][vc_tta_section title=&#8221;O nas&#8221; tab_id=&#8221;1606484233605-1d21e2ea-ef57&#8243;][vc_column_text css=&#8221;&#8221;] O nas \u00a0 GRUPA II \u2013 3 latki \u017bU\u017bLOWCY mgr Katarzyna Niewi\u0144ska &#8211; nauczyciel mgr Irmina Madejczyk &#8211; nauczyciel Pani [&hellip;]<\/p>\n","protected":false},"author":7,"featured_media":0,"parent":50,"menu_order":0,"comment_status":"closed","ping_status":"closed","template":"","meta":{"footnotes":""},"class_list":["post-612","page","type-page","status-publish","hentry","clearfix"],"_links":{"self":[{"href":"https:\/\/przedszkole26.edu.wroclaw.pl\/index.php\/wp-json\/wp\/v2\/pages\/612","targetHints":{"allow":["GET"]}}],"collection":[{"href":"https:\/\/przedszkole26.edu.wroclaw.pl\/index.php\/wp-json\/wp\/v2\/pages"}],"about":[{"href":"https:\/\/przedszkole26.edu.wroclaw.pl\/index.php\/wp-json\/wp\/v2\/types\/page"}],"author":[{"embeddable":true,"href":"https:\/\/przedszkole26.edu.wroclaw.pl\/index.php\/wp-json\/wp\/v2\/users\/7"}],"replies":[{"embeddable":true,"href":"https:\/\/przedszkole26.edu.wroclaw.pl\/index.php\/wp-json\/wp\/v2\/comments?post=612"}],"version-history":[{"count":21,"href":"https:\/\/przedszkole26.edu.wroclaw.pl\/index.php\/wp-json\/wp\/v2\/pages\/612\/revisions"}],"predecessor-version":[{"id":2068,"href":"https:\/\/przedszkole26.edu.wroclaw.pl\/index.php\/wp-json\/wp\/v2\/pages\/612\/revisions\/2068"}],"up":[{"embeddable":true,"href":"https:\/\/przedszkole26.edu.wroclaw.pl\/index.php\/wp-json\/wp\/v2\/pages\/50"}],"wp:attachment":[{"href":"https:\/\/przedszkole26.edu.wroclaw.pl\/index.php\/wp-json\/wp\/v2\/media?parent=612"}],"curies":[{"name":"wp","href":"https:\/\/api.w.org\/{rel}","templated":true}]}}